{"id":209,"date":"2012-11-30T18:15:04","date_gmt":"2012-11-30T16:15:04","guid":{"rendered":"https:\/\/www.greko-elektro.de\/?page_id=209"},"modified":"2016-03-04T20:30:37","modified_gmt":"2016-03-04T19:30:37","slug":"leuchtstofflampe-rohre","status":"publish","type":"page","link":"https:\/\/www.greko-elektro.de\/?page_id=209","title":{"rendered":"Leuchtstofflampe\/-r\u00f6hre"},"content":{"rendered":"<p style=\"text-align: justify;\">Eine Leuchtstofflampe oder aber auch Leuchtstoffr\u00f6hre ist eine Niederdruck-Gasentladungslampe, welche von innen mit einem fluoreszierenden Leuchtstoff beschichtet ist.<\/p>\n<div id=\"attachment_210\" style=\"width: 260px\" class=\"wp-caption alignright\"><img loading=\"lazy\" decoding=\"async\" aria-describedby=\"caption-attachment-210\" class=\"wp-image-210 \" title=\"Leuchten\" src=\"http:\/\/www.greko-elektro.de\/wp-content\/uploads\/2012\/11\/Fotolia_14206144_XS.jpg\" alt=\"\" width=\"250\" height=\"186\" srcset=\"https:\/\/www.greko-elektro.de\/wp-content\/uploads\/2012\/11\/Fotolia_14206144_XS.jpg 402w, https:\/\/www.greko-elektro.de\/wp-content\/uploads\/2012\/11\/Fotolia_14206144_XS-300x223.jpg 300w\" sizes=\"auto, (max-width: 250px) 100vw, 250px\" \/><p id=\"caption-attachment-210\" class=\"wp-caption-text\">\u00a9 Klaus Eppele &#8211; Fotolia.com<\/p><\/div>\n<p style=\"text-align: justify;\">Der Vorl\u00e4ufer der heutigen Leuchstofflampe ist die sogenannte Gei\u00dflersche R\u00f6hre, die 1857 von Heinrich Gei\u00dfler erfunden wurde. Diese bestand lediglich aus einer evakuierten Glasr\u00f6hre\u00a0 mit jeweils einer Elektrode an den Enden. Die mit Gas bef\u00fcllte R\u00f6hre beginnt durch die Hochspannung an zu leuchten und erzeugt dadurch ihr Licht. Jedoch wurde diese aufgrund ihrer recht schwachen Helligkeit eher zu Unterhaltungszwecken eingesetzt.<\/p>\n<p style=\"text-align: justify;\">Erst durch Peter Cooper-Hewitt und sp\u00e4ter durch Edmund Germer wurde die Leuchtstoffr\u00f6hre immer weiter verbessert bis General Electric die Patente erwarb und ab 1938 diese kommerziell vertrieb.<\/p>\n","protected":false},"excerpt":{"rendered":"<p>Eine Leuchtstofflampe oder aber auch Leuchtstoffr\u00f6hre ist eine Niederdruck-Gasentladungslampe, welche von innen mit einem fluoreszierenden Leuchtstoff beschichtet ist. Der Vorl\u00e4ufer der heutigen Leuchstofflampe ist die sogenannte Gei\u00dflersche R\u00f6hre, die 1857 von Heinrich Gei\u00dfler erfunden wurde. Diese bestand lediglich aus einer evakuierten Glasr\u00f6hre\u00a0 mit jeweils einer Elektrode an den Enden. Die mit Gas bef\u00fcllte R\u00f6hre beginnt [&hellip;]<\/p>\n","protected":false},"author":4,"featured_media":0,"parent":73,"menu_order":3,"comment_status":"closed","ping_status":"closed","template":"","meta":{"footnotes":""},"class_list":["post-209","page","type-page","status-publish","hentry"],"jetpack_sharing_enabled":true,"_links":{"self":[{"href":"https:\/\/www.greko-elektro.de\/index.php?rest_route=\/wp\/v2\/pages\/209","targetHints":{"allow":["GET"]}}],"collection":[{"href":"https:\/\/www.greko-elektro.de\/index.php?rest_route=\/wp\/v2\/pages"}],"about":[{"href":"https:\/\/www.greko-elektro.de\/index.php?rest_route=\/wp\/v2\/types\/page"}],"author":[{"embeddable":true,"href":"https:\/\/www.greko-elektro.de\/index.php?rest_route=\/wp\/v2\/users\/4"}],"replies":[{"embeddable":true,"href":"https:\/\/www.greko-elektro.de\/index.php?rest_route=%2Fwp%2Fv2%2Fcomments&post=209"}],"version-history":[{"count":4,"href":"https:\/\/www.greko-elektro.de\/index.php?rest_route=\/wp\/v2\/pages\/209\/revisions"}],"predecessor-version":[{"id":394,"href":"https:\/\/www.greko-elektro.de\/index.php?rest_route=\/wp\/v2\/pages\/209\/revisions\/394"}],"up":[{"embeddable":true,"href":"https:\/\/www.greko-elektro.de\/index.php?rest_route=\/wp\/v2\/pages\/73"}],"wp:attachment":[{"href":"https:\/\/www.greko-elektro.de\/index.php?rest_route=%2Fwp%2Fv2%2Fmedia&parent=209"}],"curies":[{"name":"wp","href":"https:\/\/api.w.org\/{rel}","templated":true}]}}