{"id":200,"date":"2012-11-30T15:12:39","date_gmt":"2012-11-30T13:12:39","guid":{"rendered":"https:\/\/www.greko-elektro.de\/?page_id=200"},"modified":"2016-03-04T20:30:02","modified_gmt":"2016-03-04T19:30:02","slug":"energiesparlampen-2","status":"publish","type":"page","link":"https:\/\/www.greko-elektro.de\/?page_id=200","title":{"rendered":"Energiesparlampen"},"content":{"rendered":"<p><strong>Energiesparlampen<\/strong>\u00a0(Allgemein: Energiesparende Leuchtmittel) sind<\/p>\n<div id=\"attachment_201\" style=\"width: 242px\" class=\"wp-caption alignright\"><img loading=\"lazy\" decoding=\"async\" aria-describedby=\"caption-attachment-201\" class=\" wp-image-201 \" title=\"Energiesparlampe\" src=\"http:\/\/www.greko-elektro.de\/wp-content\/uploads\/2012\/11\/Fotolia_32692450_XS.jpg\" alt=\"\" width=\"232\" height=\"232\" srcset=\"https:\/\/www.greko-elektro.de\/wp-content\/uploads\/2012\/11\/Fotolia_32692450_XS.jpg 346w, https:\/\/www.greko-elektro.de\/wp-content\/uploads\/2012\/11\/Fotolia_32692450_XS-150x150.jpg 150w, https:\/\/www.greko-elektro.de\/wp-content\/uploads\/2012\/11\/Fotolia_32692450_XS-300x300.jpg 300w\" sizes=\"auto, (max-width: 232px) 100vw, 232px\" \/><p id=\"caption-attachment-201\" class=\"wp-caption-text\">\u00a9 babimu &#8211; Fotolia.com<\/p><\/div>\n<p style=\"text-align: justify;\">Leuchtmittel die die Anforderungen bestimmter EU Richtlinien erf\u00fcllen und gegen\u00fcber herk\u00f6mmlichen Gl\u00fchbirnen sparsam sind.<\/p>\n<p style=\"text-align: justify;\">Es gibt verschiedene Arten der energiesparenden Leuchtmittel und es wird nach folgenden Arten unterschieden:<\/p>\n<ul>\n<li>Kompaktleuchtstofflampen<\/li>\n<li>Halogenlampen<\/li>\n<li>Halogenmetalldampflampen<\/li>\n<li>LED<\/li>\n<li>Natriumdampflampe<\/li>\n<\/ul>\n<p style=\"text-align: justify;\">Die EU Verordnung Nr. 244\/2009 wurde am 18. M\u00e4rz 2009 verabschiedet und beinhaltet einen Plan zum Ersatz der Gl\u00fchlampe durch Energiesparlampen. Durch die\u00a0Energieeffizienzstufen werden Leuchtmittel in Klassen von A bis G geordnet. Die EU will bis 2016 alle Leuchtmittel der Klasse C abschaffen.<\/p>\n<p style=\"text-align: justify;\">Jedoch besteht seit dem 1. September 2009 bereits ein Verbot f\u00fcr den Import und die Herstellung von Klasse C Leuchtmitteln mit Ausnahme von klaren Leuchtmitteln bis maximal 75Watt. Auch sind bestimmte Bauformen wie Reflektoren von diesem Verbot ausgeschlossen.<\/p>\n","protected":false},"excerpt":{"rendered":"<p>Energiesparlampen\u00a0(Allgemein: Energiesparende Leuchtmittel) sind Leuchtmittel die die Anforderungen bestimmter EU Richtlinien erf\u00fcllen und gegen\u00fcber herk\u00f6mmlichen Gl\u00fchbirnen sparsam sind. Es gibt verschiedene Arten der energiesparenden Leuchtmittel und es wird nach folgenden Arten unterschieden: Kompaktleuchtstofflampen Halogenlampen Halogenmetalldampflampen LED Natriumdampflampe Die EU Verordnung Nr. 244\/2009 wurde am 18. M\u00e4rz 2009 verabschiedet und beinhaltet einen Plan zum Ersatz der [&hellip;]<\/p>\n","protected":false},"author":4,"featured_media":0,"parent":73,"menu_order":2,"comment_status":"closed","ping_status":"closed","template":"","meta":{"footnotes":""},"class_list":["post-200","page","type-page","status-publish","hentry"],"jetpack_sharing_enabled":true,"_links":{"self":[{"href":"https:\/\/www.greko-elektro.de\/index.php?rest_route=\/wp\/v2\/pages\/200","targetHints":{"allow":["GET"]}}],"collection":[{"href":"https:\/\/www.greko-elektro.de\/index.php?rest_route=\/wp\/v2\/pages"}],"about":[{"href":"https:\/\/www.greko-elektro.de\/index.php?rest_route=\/wp\/v2\/types\/page"}],"author":[{"embeddable":true,"href":"https:\/\/www.greko-elektro.de\/index.php?rest_route=\/wp\/v2\/users\/4"}],"replies":[{"embeddable":true,"href":"https:\/\/www.greko-elektro.de\/index.php?rest_route=%2Fwp%2Fv2%2Fcomments&post=200"}],"version-history":[{"count":11,"href":"https:\/\/www.greko-elektro.de\/index.php?rest_route=\/wp\/v2\/pages\/200\/revisions"}],"predecessor-version":[{"id":393,"href":"https:\/\/www.greko-elektro.de\/index.php?rest_route=\/wp\/v2\/pages\/200\/revisions\/393"}],"up":[{"embeddable":true,"href":"https:\/\/www.greko-elektro.de\/index.php?rest_route=\/wp\/v2\/pages\/73"}],"wp:attachment":[{"href":"https:\/\/www.greko-elektro.de\/index.php?rest_route=%2Fwp%2Fv2%2Fmedia&parent=200"}],"curies":[{"name":"wp","href":"https:\/\/api.w.org\/{rel}","templated":true}]}}