{"id":191,"date":"2012-11-30T18:16:46","date_gmt":"2012-11-30T16:16:46","guid":{"rendered":"https:\/\/www.greko-elektro.de\/?page_id=191"},"modified":"2016-03-04T20:28:09","modified_gmt":"2016-03-04T19:28:09","slug":"was-ist-eine-led-2","status":"publish","type":"page","link":"https:\/\/www.greko-elektro.de\/?page_id=191","title":{"rendered":"Was ist eine LED?"},"content":{"rendered":"<div id=\"attachment_193\" style=\"width: 245px\" class=\"wp-caption alignright\"><img loading=\"lazy\" decoding=\"async\" aria-describedby=\"caption-attachment-193\" class=\"wp-image-193 \" title=\"Fotolia_39422372_XS\" src=\"http:\/\/www.greko-elektro.de\/wp-content\/uploads\/2012\/11\/Fotolia_39422372_XS.jpg\" alt=\"\" width=\"235\" height=\"157\" srcset=\"https:\/\/www.greko-elektro.de\/wp-content\/uploads\/2012\/11\/Fotolia_39422372_XS.jpg 424w, https:\/\/www.greko-elektro.de\/wp-content\/uploads\/2012\/11\/Fotolia_39422372_XS-300x200.jpg 300w\" sizes=\"auto, (max-width: 235px) 100vw, 235px\" \/><p id=\"caption-attachment-193\" class=\"wp-caption-text\">\u00a9 THesIMPLIFY &#8211; Fotolia.com<\/p><\/div>\n<p>LED steht f\u00fcr &#8222;Light Emitting Diode&#8220;. Diese Leuchtdioden funktionieren wie Halbleiterdioden und wandeln elektrische Energie in Licht um. Sie\u00a0ist mittlerweile eine echte Alternative zu herk\u00f6mmlichen Lichtquellen wie Gl\u00fchbirnen und Energiesparlampen geworden.<\/p>\n<p>Gerade durch ihren niedrigen Stromverbrauch, der geringen Hitzeentwicklung und kr\u00e4ftigen Farben sind sie echte Hingucker. Die wohl bekanntesten Farben sind vor allem rot, gr\u00fcn, blau und kaltes wei\u00df. Durch die stetige weitere Entwicklung stehen heute mehrere Millionen Farbm\u00f6glichkeiten zur Auswahl.<\/p>\n<p>In Zukunft wird der Anteil an LED&#8217;s zunehmen und die herk\u00f6mmlichen Lichtquellen weiter vom Markt verdr\u00e4ngen. Dies ist nicht nur durch die steigende Nachfrage bedingt, sondern auch durch politische Aspekte, um den Stromverbrauch europaweit zu senken und dadurch die Umwelt zu schonen.<\/p>\n<p>Wenn Sie also weitere interessante (und auch technische) Informationen \u00fcber LED&#8217;s erhalten m\u00f6chten, dann folgen Sie unserem\u00a0<a href=\"https:\/\/de.wikipedia.org\/wiki\/LED\" target=\"_blank\">Link<\/a><\/p>\n","protected":false},"excerpt":{"rendered":"<p>LED steht f\u00fcr &#8222;Light Emitting Diode&#8220;. Diese Leuchtdioden funktionieren wie Halbleiterdioden und wandeln elektrische Energie in Licht um. Sie\u00a0ist mittlerweile eine echte Alternative zu herk\u00f6mmlichen Lichtquellen wie Gl\u00fchbirnen und Energiesparlampen geworden. Gerade durch ihren niedrigen Stromverbrauch, der geringen Hitzeentwicklung und kr\u00e4ftigen Farben sind sie echte Hingucker. Die wohl bekanntesten Farben sind vor allem rot, gr\u00fcn, [&hellip;]<\/p>\n","protected":false},"author":4,"featured_media":0,"parent":73,"menu_order":1,"comment_status":"closed","ping_status":"closed","template":"","meta":{"footnotes":""},"class_list":["post-191","page","type-page","status-publish","hentry"],"jetpack_sharing_enabled":true,"_links":{"self":[{"href":"https:\/\/www.greko-elektro.de\/index.php?rest_route=\/wp\/v2\/pages\/191","targetHints":{"allow":["GET"]}}],"collection":[{"href":"https:\/\/www.greko-elektro.de\/index.php?rest_route=\/wp\/v2\/pages"}],"about":[{"href":"https:\/\/www.greko-elektro.de\/index.php?rest_route=\/wp\/v2\/types\/page"}],"author":[{"embeddable":true,"href":"https:\/\/www.greko-elektro.de\/index.php?rest_route=\/wp\/v2\/users\/4"}],"replies":[{"embeddable":true,"href":"https:\/\/www.greko-elektro.de\/index.php?rest_route=%2Fwp%2Fv2%2Fcomments&post=191"}],"version-history":[{"count":10,"href":"https:\/\/www.greko-elektro.de\/index.php?rest_route=\/wp\/v2\/pages\/191\/revisions"}],"predecessor-version":[{"id":390,"href":"https:\/\/www.greko-elektro.de\/index.php?rest_route=\/wp\/v2\/pages\/191\/revisions\/390"}],"up":[{"embeddable":true,"href":"https:\/\/www.greko-elektro.de\/index.php?rest_route=\/wp\/v2\/pages\/73"}],"wp:attachment":[{"href":"https:\/\/www.greko-elektro.de\/index.php?rest_route=%2Fwp%2Fv2%2Fmedia&parent=191"}],"curies":[{"name":"wp","href":"https:\/\/api.w.org\/{rel}","templated":true}]}}