{"id":19,"date":"2011-01-27T16:24:39","date_gmt":"2011-01-27T16:24:39","guid":{"rendered":"http:\/\/wp.greko-elektro.de\/?page_id=19"},"modified":"2012-07-31T22:41:49","modified_gmt":"2012-07-31T20:41:49","slug":"was-ist-greko","status":"publish","type":"page","link":"https:\/\/www.greko-elektro.de\/?page_id=19","title":{"rendered":"Was ist Greko?"},"content":{"rendered":"<p>Greko bzw. Greko Elektrogro\u00dfhandlung ist ein Familienunternehmen mit langj\u00e4hriger Erfahrung im Bereich der Lichttechnik. Gerade f\u00fcr Schaustellerbetriebe bieten wir optimale Leuchtmittel und zus\u00e4tzliche Produkte an, die Ihren Betrieb perfekt ins richtige Licht bringen!<\/p>\n<p>Unser Team kann Ihnen zu jeder Zeit auskunft \u00fcber Lichttechnik bieten und dank unseren Qualit\u00e4tsanspr\u00fcchen sichern wir Ihnen einen reibungslosen Betrieb der Leuchtmittel.<\/p>\n<p><strong>Planung von Projekten<\/strong><\/p>\n<p>Dank unserer Erfahrung und dem technischen Know-How erm\u00f6glichen wir Ihnen die Planung und Durchf\u00fchrung des Projektes. Nennen Sie uns einfach Ihre Meilensteine und wir liefern die beste L\u00f6sung f\u00fcr Ihren Betrieb.<\/p>\n<p>Gerne m\u00f6chten wir Sie hierzu pers\u00f6nlich beraten und informieren. Am besten vereinbaren Sie gleich einen Termin mit uns oder sprechen uns direkt auf den Kirmespl\u00e4tzen an.<\/p>\n<p><span style=\"color: #000000;\"><img loading=\"lazy\" decoding=\"async\" class=\"alignleft size-medium wp-image-96\" title=\"Germany_map_blank\" src=\"\/wp-content\/uploads\/2011\/01\/Germany_map_blank-300x300.png\" alt=\"\" width=\"210\" height=\"210\" srcset=\"https:\/\/www.greko-elektro.de\/wp-content\/uploads\/2011\/01\/Germany_map_blank-300x300.png 300w, https:\/\/www.greko-elektro.de\/wp-content\/uploads\/2011\/01\/Germany_map_blank-150x150.png 150w, https:\/\/www.greko-elektro.de\/wp-content\/uploads\/2011\/01\/Germany_map_blank-1024x1024.png 1024w\" sizes=\"auto, (max-width: 210px) 100vw, 210px\" \/><\/span><strong>Lieferservice und Kundenn\u00e4he statt Versand und Hotline<\/strong><\/p>\n<p><span style=\"color: #000000;\">Viele Firmen setzen heutzutage auf einen schnellen Versand und einer 24h Hotline, doch uns ist die Kundenn\u00e4he und der pers\u00f6nliche Service vor Ort wichtiger! Sollten Sie dennoch bei einer Bestellung etwas vergessen haben, ist dies kein Problem f\u00fcr uns, denn dank Lieferwagen bieten wir eine gro\u00dfe Auswahl und St\u00fcckzahl.<\/span><\/p>\n<p><span style=\"color: #000000;\">Ben\u00f6tigen Sie dennoch einige Artikel dringend ist ein Expressversand kein Hindernis. <strong><em><\/em><\/strong><\/span><\/p>\n<p><span style=\"color: #000000;\"><strong><em>Wir liefern Deutschlandweit!<\/em><\/strong><br \/>\n<\/span><\/p>\n<p><strong>Wie sichern wir unsere Qualit\u00e4t?<\/strong><\/p>\n<p><span style=\"color: #000000;\">Durch stetige \u00dcberpr\u00fcfung unserer Ware und anhaltenden Informationsfluss zwischen uns und unseren Zulieferern k\u00f6nnen wir die Qualit\u00e4t sichern.<\/span><\/p>\n","protected":false},"excerpt":{"rendered":"<p>Greko bzw. Greko Elektrogro\u00dfhandlung ist ein Familienunternehmen mit langj\u00e4hriger Erfahrung im Bereich der Lichttechnik. Gerade f\u00fcr Schaustellerbetriebe bieten wir optimale Leuchtmittel und zus\u00e4tzliche Produkte an, die Ihren Betrieb perfekt ins richtige Licht bringen! Unser Team kann Ihnen zu jeder Zeit auskunft \u00fcber Lichttechnik bieten und dank unseren Qualit\u00e4tsanspr\u00fcchen sichern wir Ihnen einen reibungslosen Betrieb der [&hellip;]<\/p>\n","protected":false},"author":4,"featured_media":0,"parent":0,"menu_order":4,"comment_status":"closed","ping_status":"closed","template":"","meta":{"footnotes":""},"class_list":["post-19","page","type-page","status-publish","hentry"],"jetpack_sharing_enabled":true,"_links":{"self":[{"href":"https:\/\/www.greko-elektro.de\/index.php?rest_route=\/wp\/v2\/pages\/19","targetHints":{"allow":["GET"]}}],"collection":[{"href":"https:\/\/www.greko-elektro.de\/index.php?rest_route=\/wp\/v2\/pages"}],"about":[{"href":"https:\/\/www.greko-elektro.de\/index.php?rest_route=\/wp\/v2\/types\/page"}],"author":[{"embeddable":true,"href":"https:\/\/www.greko-elektro.de\/index.php?rest_route=\/wp\/v2\/users\/4"}],"replies":[{"embeddable":true,"href":"https:\/\/www.greko-elektro.de\/index.php?rest_route=%2Fwp%2Fv2%2Fcomments&post=19"}],"version-history":[{"count":13,"href":"https:\/\/www.greko-elektro.de\/index.php?rest_route=\/wp\/v2\/pages\/19\/revisions"}],"predecessor-version":[{"id":52,"href":"https:\/\/www.greko-elektro.de\/index.php?rest_route=\/wp\/v2\/pages\/19\/revisions\/52"}],"wp:attachment":[{"href":"https:\/\/www.greko-elektro.de\/index.php?rest_route=%2Fwp%2Fv2%2Fmedia&parent=19"}],"curies":[{"name":"wp","href":"https:\/\/api.w.org\/{rel}","templated":true}]}}