{"id":15,"date":"2011-01-27T16:23:47","date_gmt":"2011-01-27T16:23:47","guid":{"rendered":"http:\/\/wp.greko-elektro.de\/?page_id=15"},"modified":"2017-05-13T10:13:37","modified_gmt":"2017-05-13T09:13:37","slug":"kontakt-2","status":"publish","type":"page","link":"https:\/\/www.greko-elektro.de\/?page_id=15","title":{"rendered":"Kontakt"},"content":{"rendered":"<p>Durch das folgende Formular haben Sie die M\u00f6glichkeit uns eine E-Mail mit Ihrer Nachricht zukommen zu lassen. Alternativ k\u00f6nnen Sie \u00fcber die im Impressum angegebenen Telefon- und E-Mailadressen auch direkt Kontakt mit uns aufnehmen.<\/p>\n<p><em><span style=\"color: #000000;\">Bitte beachten Sie das auch wir im Zeitalter von Spam gewisse Sicherheitsmechanismen implementieren m\u00fcssen und daher die Abfrage eines sogenannten Captcha\u00a0einbauen.<\/span><\/em><\/p>\n<p>&nbsp;<\/p>\n<p>[cforms name=&#8220;Kontakt&#8220;]<\/p>\n","protected":false},"excerpt":{"rendered":"<p>Durch das folgende Formular haben Sie die M\u00f6glichkeit uns eine E-Mail mit Ihrer Nachricht zukommen zu lassen. Alternativ k\u00f6nnen Sie \u00fcber die im Impressum angegebenen Telefon- und E-Mailadressen auch direkt Kontakt mit uns aufnehmen. Bitte beachten Sie das auch wir im Zeitalter von Spam gewisse Sicherheitsmechanismen implementieren m\u00fcssen und daher die Abfrage eines sogenannten Captcha\u00a0einbauen. [&hellip;]<\/p>\n","protected":false},"author":4,"featured_media":0,"parent":0,"menu_order":98,"comment_status":"closed","ping_status":"closed","template":"","meta":{"footnotes":""},"class_list":["post-15","page","type-page","status-publish","hentry"],"jetpack_sharing_enabled":true,"_links":{"self":[{"href":"https:\/\/www.greko-elektro.de\/index.php?rest_route=\/wp\/v2\/pages\/15","targetHints":{"allow":["GET"]}}],"collection":[{"href":"https:\/\/www.greko-elektro.de\/index.php?rest_route=\/wp\/v2\/pages"}],"about":[{"href":"https:\/\/www.greko-elektro.de\/index.php?rest_route=\/wp\/v2\/types\/page"}],"author":[{"embeddable":true,"href":"https:\/\/www.greko-elektro.de\/index.php?rest_route=\/wp\/v2\/users\/4"}],"replies":[{"embeddable":true,"href":"https:\/\/www.greko-elektro.de\/index.php?rest_route=%2Fwp%2Fv2%2Fcomments&post=15"}],"version-history":[{"count":15,"href":"https:\/\/www.greko-elektro.de\/index.php?rest_route=\/wp\/v2\/pages\/15\/revisions"}],"predecessor-version":[{"id":424,"href":"https:\/\/www.greko-elektro.de\/index.php?rest_route=\/wp\/v2\/pages\/15\/revisions\/424"}],"wp:attachment":[{"href":"https:\/\/www.greko-elektro.de\/index.php?rest_route=%2Fwp%2Fv2%2Fmedia&parent=15"}],"curies":[{"name":"wp","href":"https:\/\/api.w.org\/{rel}","templated":true}]}}