{"id":13,"date":"2011-01-27T18:23:35","date_gmt":"2011-01-27T16:23:35","guid":{"rendered":"http:\/\/wp.greko-elektro.de\/?page_id=13"},"modified":"2020-09-23T17:39:12","modified_gmt":"2020-09-23T16:39:12","slug":"impressum","status":"publish","type":"page","link":"https:\/\/www.greko-elektro.de\/?page_id=13","title":{"rendered":"Impressum"},"content":{"rendered":"<p>Angaben gem\u00e4\u00df \u00a75 TMG:<\/p>\n<p>Thomas Hillebrand e.K.<br \/>\nGREKO Elektrogro\u00dfhandlung<br \/>\nD\u00fcrerstra\u00dfe 60<br \/>\n47447 Moers<\/p>\n<p><strong>Kontakt<\/strong><\/p>\n<address>Telefon: +49 (0) 2841 31212<\/address>\n<address>Mobil: +49 (0) 171 5031212<\/address>\n<address>Telefax: +49 (0) 2841 396300<\/address>\n<p>E-Mail: kontakt(at)greko-elektro.de<\/p>\n<p><strong>Registereintrag<\/strong><\/p>\n<address>Handelsregister: HRA Kleve<\/address>\n<address>Registernummer: 1949<\/address>\n<address>Gerichtsstand: Moers<\/address>\n<hr \/>\n<p><strong>Verbraucherstreitbeilegung\/Universalschlichtungsstelle<\/strong><\/p>\n<p>Wir sind nicht bereit oder verpflichtet, an Streitbeilegungsverfahren vor einer Verbraucherschlichtungsstelle teilnzunehmen.<\/p>\n<p><strong>Bildmaterial<\/strong><\/p>\n<p>S\u00e4mtliches Bildmaterial \/ Lichtbild welches zur reinen Illustration unserer Texte \/ Inhalte verwendet wurde, stammt von (www.)fotolia.com. Eine weitere Kennzeichnung findet sich jeweils explizit als Beschriftung am Lichtbild selber. Die zugeh\u00f6rige ID des Bildes befindet sich im Alternativtext. Sollten Sie interesse an eines der hier dargestellten Lichtbilder haben, so wenden Sie sich bitte mit der ID an Fotolia.com.<\/p>\n<p>Selbsterschaffene Lichtbilder werden durch <em>\u00a9 greko-elektro.de <\/em>gekennzeichnet und d\u00fcrfen ohne schriftliche Genehmigung weder f\u00fcr private Zwecke, noch f\u00fcr gewerbliche Zwecke genutzt, bearbeitet, ver\u00f6ffentlicht oder verteilt werden. Sollten Sie an eines unserer Lichtbilder interesse haben, so <a href=\"https:\/\/www.greko-elektro.de\/?page_id=15\">kontaktieren Sie uns<\/a> bitte direkt.<\/p>\n<p>Die genutzten Lichtbilder samt Fotografen werden folgend erneut genannt:<\/p>\n<ul>\n<li>ID 14206144 &#8211; \u00a9 Klaus Eppele &#8211; Fotolia.com<\/li>\n<li>ID 32692450 &#8211; \u00a9 babimu &#8211; Fotolia.com<\/li>\n<li>ID 41784102 &#8211; \u00a9 fotomek &#8211; Fotolia.com<\/li>\n<li>ID 39422372 &#8211; \u00a9 THesIMPLIFY &#8211; Fotolia.com<\/li>\n<li>ID 45865862 &#8211; \u00a9 styleuneed &#8211; Fotolia.com<\/li>\n<li>ID 36004533 &#8211; \u00a9 StockPixstore &#8211; Fotolia.com<\/li>\n<li>ID 41841379 &#8211;\u00a0\u00a9 Schulz-Design &#8211; Fotolia.com<\/li>\n<li>ID 59413213\u00a0&#8211;\u00a0\u00a9 Smileus &#8211; Fotolia.com<\/li>\n<\/ul>\n<div>Um Fotolia.com weiter gerecht zu werden, setzen wir auf Schutzma\u00dfnahmen, um das Herunterladen und\/oder Zwischenspeichern der genutzten Lichtbilder zu verhindern. Bitte versuchen Sie nicht diese Schutzma\u00dfnahmen zu umgehen oder mutwillig zu umgehen.<\/div>\n<div><\/div>\n<p><strong>Haftung f\u00fcr Inhalte<\/strong><\/p>\n<p>Die Inhalte unserer Seiten wurden mit gr\u00f6\u00dfter Sorgfalt erstellt. F\u00fcr die Richtigkeit, Vollst\u00e4ndigkeit und Aktualit\u00e4t der Inhalte k\u00f6nnen wir jedoch keine Gew\u00e4hr \u00fcbernehmen. Als Diensteanbieter sind wir gem\u00e4\u00df \u00a7 7 Abs.1 TMG f\u00fcr eigene Inhalte auf diesen Seiten nach den allgemeinen Gesetzen verantwortlich. Nach \u00a7\u00a7 8 bis 10 TMG sind wir als Diensteanbieter jedoch nicht verpflichtet, \u00fcbermittelte oder gespeicherte fremde Informationen zu \u00fcberwachen oder nach Umst\u00e4nden zu forschen, die auf eine rechtswidrige T\u00e4tigkeit hinweisen. Verpflichtungen zur Entfernung oder Sperrung der Nutzung von Informationen nach den allgemeinen Gesetzen bleiben hiervon unber\u00fchrt. Eine diesbez\u00fcgliche Haftung ist jedoch erst ab dem Zeitpunkt der Kenntnis einer konkreten Rechtsverletzung m\u00f6glich. Bei Bekanntwerden von entsprechenden Rechtsverletzungen werden wir diese Inhalte umgehend entfernen.<\/p>\n<p><strong>Haftung f\u00fcr Links<\/strong><\/p>\n<p>Unser Angebot enth\u00e4lt Links zu externen Webseiten Dritter, auf deren Inhalte wir keinen Einfluss haben.<\/p>\n<div class=\"page\" title=\"Page 3\">\n<div class=\"section\">\n<div class=\"layoutArea\">\n<div class=\"column\">\n<p>Deshalb k\u00f6nnen wir f\u00fcr diese fremden Inhalte auch keine Gew\u00e4hr \u00fcbernehmen. F\u00fcr die Inhalte der verlinkten Seiten ist stets der jeweilige Anbieter oder Betreiber der Seiten verantwortlich. Die verlinkten Seiten wurden zum Zeitpunkt der Verlinkung auf m\u00f6gliche Rechtsverst\u00f6\u00dfe \u00fcberpr\u00fcft. Rechtswidrige Inhalte waren zum Zeitpunkt der Verlinkung nicht erkennbar.<\/p>\n<p>Eine permanente inhaltliche Kontrolle der verlinkten Seiten ist jedoch ohne konkrete Anhaltspunkte einer Rechtsverletzung nicht zumutbar. Bei Bekanntwerden von Rechtsverletzungen werden wir derartige Links umgehend entfernen.<\/p>\n<\/div>\n<\/div>\n<\/div>\n<\/div>\n<p><strong>Urheberrecht<\/strong><\/p>\n<div class=\"page\" title=\"Page 3\">\n<div class=\"section\">\n<div class=\"layoutArea\">\n<div class=\"column\">\n<p>Die durch die Seitenbetreiber erstellten Inhalte und Werke auf diesen Seiten unterliegen dem deutschen Urheberrecht. Die Vervielf\u00e4ltigung, Bearbeitung, Verbreitung und jede Art der Verwertung au\u00dferhalb der Grenzen des Urheberrechtes bed\u00fcrfen der schriftlichen Zustimmung des jeweiligen Autors bzw. Erstellers. Downloads und Kopien dieser Seite sind nur f\u00fcr den privaten, nicht kommerziellen Gebrauch gestattet.<\/p>\n<p>Soweit die Inhalte auf dieser Seite nicht vom Betreiber erstellt wurden, werden die Urheberrechte Dritter beachtet. Insbesondere werden Inhalte Dritter als solche gekennzeichnet. Sollten Sie trotzdem auf eine Urheberrechtsverletzung aufmerksam werden, bitten wir um einen entsprechenden Hinweis. Bei Bekanntwerden von Rechtsverletzungen werden wir derartige Inhalte umgehend entfernen.<\/p>\n<\/div>\n<\/div>\n<\/div>\n<\/div>\n<p><strong>Datenschutz<\/strong><\/p>\n<p>Die Nutzung unserer Webseite ist in der Regel ohne Angabe personenbezogener Daten m\u00f6glich. Soweit auf unseren Seiten personenbezogene Daten (beispielsweise Name, Anschrift oder eMail-Adressen) erhoben werden, erfolgt dies, soweit m\u00f6glich, stets auf freiwilliger Basis. Diese Daten werden ohne Ihre ausdr\u00fcckliche Zustimmung nicht an Dritte weitergegeben.<\/p>\n<p>Wir weisen darauf hin, dass die Daten\u00fcbertragung im Internet (z.B. bei der Kommunikation per E-Mail) Sicherheitsl\u00fccken aufweisen kann. Ein l\u00fcckenloser Schutz der Daten vor dem Zugriff durch Dritte ist nicht m\u00f6glich.<\/p>\n<p>Der Nutzung von im Rahmen der Impressumspflicht ver\u00f6ffentlichten Kontaktdaten durch Dritte zur \u00dcbersendung von nicht ausdr\u00fccklich angeforderter Werbung und Informationsmaterialien wird hiermit ausdr\u00fccklich widersprochen. Die Betreiber der Seiten behalten sich ausdr\u00fccklich rechtliche Schritte im Falle der unverlangten Zusendung von Werbeinformationen, etwa durch Spam-Mails, vor.<\/p>\n","protected":false},"excerpt":{"rendered":"<p>Angaben gem\u00e4\u00df \u00a75 TMG: Thomas Hillebrand e.K. GREKO Elektrogro\u00dfhandlung D\u00fcrerstra\u00dfe 60 47447 Moers Kontakt Telefon: +49 (0) 2841 31212 Mobil: +49 (0) 171 5031212 Telefax: +49 (0) 2841 396300 E-Mail: kontakt(at)greko-elektro.de Registereintrag Handelsregister: HRA Kleve Registernummer: 1949 Gerichtsstand: Moers Verbraucherstreitbeilegung\/Universalschlichtungsstelle Wir sind nicht bereit oder verpflichtet, an Streitbeilegungsverfahren vor einer Verbraucherschlichtungsstelle teilnzunehmen. Bildmaterial S\u00e4mtliches Bildmaterial [&hellip;]<\/p>\n","protected":false},"author":4,"featured_media":0,"parent":0,"menu_order":99,"comment_status":"closed","ping_status":"closed","template":"","meta":{"footnotes":""},"class_list":["post-13","page","type-page","status-publish","hentry"],"jetpack_sharing_enabled":true,"_links":{"self":[{"href":"https:\/\/www.greko-elektro.de\/index.php?rest_route=\/wp\/v2\/pages\/13","targetHints":{"allow":["GET"]}}],"collection":[{"href":"https:\/\/www.greko-elektro.de\/index.php?rest_route=\/wp\/v2\/pages"}],"about":[{"href":"https:\/\/www.greko-elektro.de\/index.php?rest_route=\/wp\/v2\/types\/page"}],"author":[{"embeddable":true,"href":"https:\/\/www.greko-elektro.de\/index.php?rest_route=\/wp\/v2\/users\/4"}],"replies":[{"embeddable":true,"href":"https:\/\/www.greko-elektro.de\/index.php?rest_route=%2Fwp%2Fv2%2Fcomments&post=13"}],"version-history":[{"count":62,"href":"https:\/\/www.greko-elektro.de\/index.php?rest_route=\/wp\/v2\/pages\/13\/revisions"}],"predecessor-version":[{"id":586,"href":"https:\/\/www.greko-elektro.de\/index.php?rest_route=\/wp\/v2\/pages\/13\/revisions\/586"}],"wp:attachment":[{"href":"https:\/\/www.greko-elektro.de\/index.php?rest_route=%2Fwp%2Fv2%2Fmedia&parent=13"}],"curies":[{"name":"wp","href":"https:\/\/api.w.org\/{rel}","templated":true}]}}